{"id":3281,"date":"2016-06-27T13:06:49","date_gmt":"2016-06-27T11:06:49","guid":{"rendered":"http:\/\/www.cannajoy.com\/trgovina\/mighty-vaporizer-complete-kit\/"},"modified":"2019-03-08T19:41:42","modified_gmt":"2019-03-08T18:41:42","slug":"mighty-vaporizer-complete-kit","status":"publish","type":"product","link":"https:\/\/cannajoy.com\/en\/izdelek\/mighty-vaporizer-complete-kit\/","title":{"rendered":"&#8216;Mighty&#8217; Vaporizer Complete Kit"},"content":{"rendered":"<p>Due to the plus-\/minus keys and the easily visible LED-display, the operation of the &#8216;Mighty&#8217; Vaporizer is self-explaining: As soon as the actual temperature corresponds to the individually adjustable set temperature, the device is ready for use. This is additionally indicated by a short double-vibration. Through the setting options directly on the device, the personally preferred temperature can be adjusted gradually during vaporization.<\/p>\n<p>Features:<\/p>\n<ul>\n<li>battery powered<\/li>\n<li>portable<\/li>\n<li>vibration alarm<\/li>\n<li>LED display<\/li>\n<\/ul>\n<p>Accessories:<\/p>\n<ul>\n<li>&#8216;Mighty&#8217; Vaporizer<\/li>\n<li>Power Adapter<\/li>\n<li>Liquid pad<\/li>\n<li>3pcs spare screens<\/li>\n<li>Cleaning brush<\/li>\n<li>Herb mill<\/li>\n<li>Filling aid<\/li>\n<li>1 Set of Spare Seal Rings<\/li>\n<li>Instructions for Use<\/li>\n<li>Weight: 230g<\/li>\n<\/ul>\n","protected":false},"excerpt":{"rendered":"<p>Due to the plus-\/minus keys and the easily visible LED-display, the operation of the &#8216;Mighty&#8217; Vaporizer is self-explaining: As soon as the actual temperature corresponds to the individually adjustable set temperature, the device is ready for use. This is additionally indicated by a short double-vibration. Through the setting options directly on the device, the personally [&hellip;]<\/p>\n","protected":false},"featured_media":5044,"comment_status":"open","ping_status":"closed","template":"","meta":{"_exactmetrics_skip_tracking":false,"_exactmetrics_sitenote_active":false,"_exactmetrics_sitenote_note":"","_exactmetrics_sitenote_category":0},"product_cat":[193,217],"product_tag":[],"acf":[],"yoast_head":"<!-- This site is optimized with the Yoast SEO plugin v20.1 - https:\/\/yoast.com\/wordpress\/plugins\/seo\/ -->\n<title>&#039;Mighty&#039; Vaporizer Complete Kit - Cannajoy Head Shop Murska Sobota<\/title>\n<meta name=\"description\" content=\"MIGHTY vaporizer vklju\u010duje \u0161iroko shrambo za segrevanje in zelo u\u010dinkovito izmenjavo toplote, ki omogo\u010da vidno paro takoj na za\u010detku uporabe.\" \/>\n<meta name=\"robots\" content=\"index, follow, max-snippet:-1, max-image-preview:large, max-video-preview:-1\" \/>\n<link rel=\"canonical\" href=\"https:\/\/cannajoy.com\/en\/izdelek\/mighty-vaporizer-complete-kit\/\" \/>\n<meta property=\"og:locale\" content=\"en_US\" \/>\n<meta property=\"og:type\" content=\"article\" \/>\n<meta property=\"og:title\" content=\"&#039;Mighty&#039; Vaporizer Complete Kit - Cannajoy Head Shop Murska Sobota\" \/>\n<meta property=\"og:description\" content=\"MIGHTY vaporizer vklju\u010duje \u0161iroko shrambo za segrevanje in zelo u\u010dinkovito izmenjavo toplote, ki omogo\u010da vidno paro takoj na za\u010detku uporabe.\" \/>\n<meta property=\"og:url\" content=\"https:\/\/cannajoy.com\/en\/izdelek\/mighty-vaporizer-complete-kit\/\" \/>\n<meta property=\"og:site_name\" content=\"Cannajoy\" \/>\n<meta property=\"article:modified_time\" content=\"2019-03-08T18:41:42+00:00\" \/>\n<meta property=\"og:image\" content=\"https:\/\/cannajoy.com\/wp-content\/uploads\/2016\/06\/mighty-vaporizer-storz-bickel-1.jpg\" \/>\n\t<meta property=\"og:image:width\" content=\"1000\" \/>\n\t<meta property=\"og:image:height\" content=\"700\" \/>\n\t<meta property=\"og:image:type\" content=\"image\/jpeg\" \/>\n<meta name=\"twitter:card\" content=\"summary_large_image\" \/>\n<script type=\"application\/ld+json\" class=\"yoast-schema-graph\">{\"@context\":\"https:\/\/schema.org\",\"@graph\":[{\"@type\":\"WebPage\",\"@id\":\"https:\/\/cannajoy.com\/en\/izdelek\/mighty-vaporizer-complete-kit\/\",\"url\":\"https:\/\/cannajoy.com\/en\/izdelek\/mighty-vaporizer-complete-kit\/\",\"name\":\"'Mighty' Vaporizer Complete Kit - Cannajoy Head Shop Murska Sobota\",\"isPartOf\":{\"@id\":\"https:\/\/cannajoy.com\/#website\"},\"datePublished\":\"2016-06-27T11:06:49+00:00\",\"dateModified\":\"2019-03-08T18:41:42+00:00\",\"description\":\"MIGHTY vaporizer vklju\u010duje \u0161iroko shrambo za segrevanje in zelo u\u010dinkovito izmenjavo toplote, ki omogo\u010da vidno paro takoj na za\u010detku uporabe.\",\"breadcrumb\":{\"@id\":\"https:\/\/cannajoy.com\/en\/izdelek\/mighty-vaporizer-complete-kit\/#breadcrumb\"},\"inLanguage\":\"en-US\",\"potentialAction\":[{\"@type\":\"ReadAction\",\"target\":[\"https:\/\/cannajoy.com\/en\/izdelek\/mighty-vaporizer-complete-kit\/\"]}]},{\"@type\":\"BreadcrumbList\",\"@id\":\"https:\/\/cannajoy.com\/en\/izdelek\/mighty-vaporizer-complete-kit\/#breadcrumb\",\"itemListElement\":[{\"@type\":\"ListItem\",\"position\":1,\"name\":\"Home\",\"item\":\"https:\/\/cannajoy.com\/en\/\"},{\"@type\":\"ListItem\",\"position\":2,\"name\":\"Trgovina\",\"item\":\"https:\/\/cannajoy.com\/trgovina\/\"},{\"@type\":\"ListItem\",\"position\":3,\"name\":\"&#8216;Mighty&#8217; Vaporizer Complete Kit\"}]},{\"@type\":\"WebSite\",\"@id\":\"https:\/\/cannajoy.com\/#website\",\"url\":\"https:\/\/cannajoy.com\/\",\"name\":\"Cannajoy\",\"description\":\"All for joy in one place\",\"potentialAction\":[{\"@type\":\"SearchAction\",\"target\":{\"@type\":\"EntryPoint\",\"urlTemplate\":\"https:\/\/cannajoy.com\/?s={search_term_string}\"},\"query-input\":\"required name=search_term_string\"}],\"inLanguage\":\"en-US\"}]}<\/script>\n<!-- \/ Yoast SEO plugin. -->","yoast_head_json":{"title":"'Mighty' Vaporizer Complete Kit - Cannajoy Head Shop Murska Sobota","description":"MIGHTY vaporizer vklju\u010duje \u0161iroko shrambo za segrevanje in zelo u\u010dinkovito izmenjavo toplote, ki omogo\u010da vidno paro takoj na za\u010detku uporabe.","robots":{"index":"index","follow":"follow","max-snippet":"max-snippet:-1","max-image-preview":"max-image-preview:large","max-video-preview":"max-video-preview:-1"},"canonical":"https:\/\/cannajoy.com\/en\/izdelek\/mighty-vaporizer-complete-kit\/","og_locale":"en_US","og_type":"article","og_title":"'Mighty' Vaporizer Complete Kit - Cannajoy Head Shop Murska Sobota","og_description":"MIGHTY vaporizer vklju\u010duje \u0161iroko shrambo za segrevanje in zelo u\u010dinkovito izmenjavo toplote, ki omogo\u010da vidno paro takoj na za\u010detku uporabe.","og_url":"https:\/\/cannajoy.com\/en\/izdelek\/mighty-vaporizer-complete-kit\/","og_site_name":"Cannajoy","article_modified_time":"2019-03-08T18:41:42+00:00","og_image":[{"width":1000,"height":700,"url":"https:\/\/cannajoy.com\/wp-content\/uploads\/2016\/06\/mighty-vaporizer-storz-bickel-1.jpg","type":"image\/jpeg"}],"twitter_card":"summary_large_image","schema":{"@context":"https:\/\/schema.org","@graph":[{"@type":"WebPage","@id":"https:\/\/cannajoy.com\/en\/izdelek\/mighty-vaporizer-complete-kit\/","url":"https:\/\/cannajoy.com\/en\/izdelek\/mighty-vaporizer-complete-kit\/","name":"'Mighty' Vaporizer Complete Kit - Cannajoy Head Shop Murska Sobota","isPartOf":{"@id":"https:\/\/cannajoy.com\/#website"},"datePublished":"2016-06-27T11:06:49+00:00","dateModified":"2019-03-08T18:41:42+00:00","description":"MIGHTY vaporizer vklju\u010duje \u0161iroko shrambo za segrevanje in zelo u\u010dinkovito izmenjavo toplote, ki omogo\u010da vidno paro takoj na za\u010detku uporabe.","breadcrumb":{"@id":"https:\/\/cannajoy.com\/en\/izdelek\/mighty-vaporizer-complete-kit\/#breadcrumb"},"inLanguage":"en-US","potentialAction":[{"@type":"ReadAction","target":["https:\/\/cannajoy.com\/en\/izdelek\/mighty-vaporizer-complete-kit\/"]}]},{"@type":"BreadcrumbList","@id":"https:\/\/cannajoy.com\/en\/izdelek\/mighty-vaporizer-complete-kit\/#breadcrumb","itemListElement":[{"@type":"ListItem","position":1,"name":"Home","item":"https:\/\/cannajoy.com\/en\/"},{"@type":"ListItem","position":2,"name":"Trgovina","item":"https:\/\/cannajoy.com\/trgovina\/"},{"@type":"ListItem","position":3,"name":"&#8216;Mighty&#8217; Vaporizer Complete Kit"}]},{"@type":"WebSite","@id":"https:\/\/cannajoy.com\/#website","url":"https:\/\/cannajoy.com\/","name":"Cannajoy","description":"All for joy in one place","potentialAction":[{"@type":"SearchAction","target":{"@type":"EntryPoint","urlTemplate":"https:\/\/cannajoy.com\/?s={search_term_string}"},"query-input":"required name=search_term_string"}],"inLanguage":"en-US"}]}},"_links":{"self":[{"href":"https:\/\/cannajoy.com\/en\/wp-json\/wp\/v2\/product\/3281"}],"collection":[{"href":"https:\/\/cannajoy.com\/en\/wp-json\/wp\/v2\/product"}],"about":[{"href":"https:\/\/cannajoy.com\/en\/wp-json\/wp\/v2\/types\/product"}],"replies":[{"embeddable":true,"href":"https:\/\/cannajoy.com\/en\/wp-json\/wp\/v2\/comments?post=3281"}],"wp:featuredmedia":[{"embeddable":true,"href":"https:\/\/cannajoy.com\/en\/wp-json\/wp\/v2\/media\/5044"}],"wp:attachment":[{"href":"https:\/\/cannajoy.com\/en\/wp-json\/wp\/v2\/media?parent=3281"}],"wp:term":[{"taxonomy":"product_cat","embeddable":true,"href":"https:\/\/cannajoy.com\/en\/wp-json\/wp\/v2\/product_cat?post=3281"},{"taxonomy":"product_tag","embeddable":true,"href":"https:\/\/cannajoy.com\/en\/wp-json\/wp\/v2\/product_tag?post=3281"}],"curies":[{"name":"wp","href":"https:\/\/api.w.org\/{rel}","templated":true}]}}